{"id":26,"date":"2026-01-09T20:30:58","date_gmt":"2026-01-09T20:30:58","guid":{"rendered":"https:\/\/melia.kmdot.com\/121-kinderorthopaedie\/"},"modified":"2026-01-09T20:30:58","modified_gmt":"2026-01-09T20:30:58","slug":"121-kinderorthopaedie","status":"publish","type":"page","link":"https:\/\/www.orthokalamata.gr\/en\/121-kinderorthopaedie\/","title":{"rendered":"Kinderorthop\u00e4die"},"content":{"rendered":"<div class=\"item-page\">\n<div class=\"page-header\">\n<h2>\n<a href=\"\/index.php?option=com_content&amp;view=article&amp;id=121:kinderorthopaedie&amp;catid=35:homepage-ge&amp;Itemid=506\"> Kinderorthop\u00e4die<\/a><br \/>\n<\/h2>\n<\/div>\n<div class=\"article-info muted\">\n<dl class=\"article-info\">\n<dt class=\"article-info-term\">\u03a0\u03bb\u03b7\u03c1\u03bf\u03c6\u03bf\u03c1\u03b9\u03b1\u03ba\u03ac \u03a3\u03c4\u03bf\u03b9\u03c7\u03b5\u03af\u03b1<\/dt>\n<dd class=\"published\">\n<span class=\"icon-calendar\"><\/span> \u0394\u03b7\u03bc\u03bf\u03c3\u03b9\u03b5\u03cd\u03b8\u03b7\u03ba\u03b5 : 22 \u0391\u03c0\u03c1\u03af\u03bb\u03b9\u03bf\u03c2 2018 \t\t\t\t<\/dd>\n<\/dl>\n<\/div>\n<p><span lang=\"DE\" style=\"font-size: 14pt; font-family: Arial, sans-serif; color: black;\"><img decoding=\"async\" alt=\"unnamed\" src=\"images\/unnamed.gif\" style=\"margin-right: 10px; float: left;\"\/>In der Kinderorthop\u00e4die sehen wir die Neugeborenen, die mit nicht ausgereiften H\u00fcften oder Fehlstellungen an den F\u00fc\u00dfen zur Welt gekommen sind.F\u00fcr die Diagnose der ausgereiften H\u00fcften eine Ultraschall Untersuchung ist notwendig. Wenn diese Erkrankungen rechtzeitig behandelt werden, k\u00f6nnen sie in der Regel ohne Operation oder einem kleinen operativen Aufwand korrigiert werden. Kindliche Verletzungen, Entwicklungsst\u00f6rungen an den Gelenken und Knochen, auch im weiteren (Klein) \u2013 Kindesalter werden bei uns behandelt<\/span><\/p>\n<div class=\"joomla_add_this\"><!-- AddThis Button BEGIN --><\/p>\n<div addthis:title=\"Kinderorthop\u00e4die\" addthis:url=\"https:\/\/www.orthokalamata.gr\/index.php?option=com_content&amp;view=article&amp;id=121&amp;catid=35&amp;Itemid=506\" class=\"addthis_toolbox addthis_default_style\">\n<a class=\"addthis_button_facebook_like\" fb:like:layout=\"button_count\"><\/a><br \/>\n<a class=\"addthis_button_tweet\"><\/a><br \/>\n<a class=\"addthis_button_pinterest_pinit\"><\/a><br \/>\n<a class=\"addthis_counter addthis_pill_style\"><\/a>\n<\/div>\n<p><!-- AddThis Button END -->\n<\/div>\n<ul class=\"pager pagenav\">\n<li class=\"previous\">\n<a href=\"\/index.php?option=com_content&amp;view=article&amp;id=122:huefte&amp;catid=35:homepage-ge&amp;Itemid=506\" rel=\"prev\">&lt; \u03a0\u03c1\u03bf\u03b7\u03b3\u03bf\u03cd\u03bc\u03b5\u03bd\u03bf<\/a>\n<\/li>\n<\/ul>\n<\/div>\n","protected":false},"excerpt":{"rendered":"<p>Kinderorthop\u00e4die \u03a0\u03bb\u03b7\u03c1\u03bf\u03c6\u03bf\u03c1\u03b9\u03b1\u03ba\u03ac \u03a3\u03c4\u03bf\u03b9\u03c7\u03b5\u03af\u03b1 \u0394\u03b7\u03bc\u03bf\u03c3\u03b9\u03b5\u03cd\u03b8\u03b7\u03ba\u03b5 : 22 \u0391\u03c0\u03c1\u03af\u03bb\u03b9\u03bf\u03c2 2018 In der Kinderorthop\u00e4die sehen wir die Neugeborenen, die mit nicht ausgereiften H\u00fcften oder Fehlstellungen an den F\u00fc\u00dfen zur Welt gekommen sind.F\u00fcr die Diagnose der ausgereiften H\u00fcften eine Ultraschall Untersuchung ist notwendig. Wenn diese Erkrankungen rechtzeitig behandelt werden, k\u00f6nnen sie in der Regel ohne Operation oder einem kleinen [&hellip;]<\/p>\n","protected":false},"author":4,"featured_media":0,"parent":0,"menu_order":0,"comment_status":"closed","ping_status":"closed","template":"","meta":{"_acf_changed":false,"_uag_custom_page_level_css":"","footnotes":""},"class_list":["post-26","page","type-page","status-publish","hentry"],"acf":[],"yoast_head":"<!-- This site is optimized with the Yoast SEO plugin v27.3 - https:\/\/yoast.com\/product\/yoast-seo-wordpress\/ -->\n<title>Kinderorthop\u00e4die - \u039f\u03c1\u03b8\u03bf\u03c0\u03b1\u03b9\u03b4\u03b9\u03ba\u03cc \u0399\u03b1\u03c4\u03c1\u03b5\u03af\u03bf<\/title>\n<meta name=\"robots\" content=\"index, follow, max-snippet:-1, max-image-preview:large, max-video-preview:-1\" \/>\n<link rel=\"canonical\" href=\"https:\/\/www.orthokalamata.gr\/121-kinderorthopaedie\/\" \/>\n<meta property=\"og:locale\" content=\"en_US\" \/>\n<meta property=\"og:type\" content=\"article\" \/>\n<meta property=\"og:title\" content=\"Kinderorthop\u00e4die - \u039f\u03c1\u03b8\u03bf\u03c0\u03b1\u03b9\u03b4\u03b9\u03ba\u03cc \u0399\u03b1\u03c4\u03c1\u03b5\u03af\u03bf\" \/>\n<meta property=\"og:description\" content=\"Kinderorthop\u00e4die \u03a0\u03bb\u03b7\u03c1\u03bf\u03c6\u03bf\u03c1\u03b9\u03b1\u03ba\u03ac \u03a3\u03c4\u03bf\u03b9\u03c7\u03b5\u03af\u03b1 \u0394\u03b7\u03bc\u03bf\u03c3\u03b9\u03b5\u03cd\u03b8\u03b7\u03ba\u03b5 : 22 \u0391\u03c0\u03c1\u03af\u03bb\u03b9\u03bf\u03c2 2018 In der Kinderorthop\u00e4die sehen wir die Neugeborenen, die mit nicht ausgereiften H\u00fcften oder Fehlstellungen an den F\u00fc\u00dfen zur Welt gekommen sind.F\u00fcr die Diagnose der ausgereiften H\u00fcften eine Ultraschall Untersuchung ist notwendig. Wenn diese Erkrankungen rechtzeitig behandelt werden, k\u00f6nnen sie in der Regel ohne Operation oder einem kleinen [&hellip;]\" \/>\n<meta property=\"og:url\" content=\"https:\/\/www.orthokalamata.gr\/121-kinderorthopaedie\/\" \/>\n<meta property=\"og:site_name\" content=\"\u039f\u03c1\u03b8\u03bf\u03c0\u03b1\u03b9\u03b4\u03b9\u03ba\u03cc \u0399\u03b1\u03c4\u03c1\u03b5\u03af\u03bf\" \/>\n<meta name=\"twitter:card\" content=\"summary_large_image\" \/>\n<script type=\"application\/ld+json\" class=\"yoast-schema-graph\">{\"@context\":\"https:\\\/\\\/schema.org\",\"@graph\":[{\"@type\":\"WebPage\",\"@id\":\"https:\\\/\\\/www.orthokalamata.gr\\\/121-kinderorthopaedie\\\/\",\"url\":\"https:\\\/\\\/www.orthokalamata.gr\\\/121-kinderorthopaedie\\\/\",\"name\":\"Kinderorthop\u00e4die - \u039f\u03c1\u03b8\u03bf\u03c0\u03b1\u03b9\u03b4\u03b9\u03ba\u03cc \u0399\u03b1\u03c4\u03c1\u03b5\u03af\u03bf\",\"isPartOf\":{\"@id\":\"https:\\\/\\\/www.orthokalamata.gr\\\/#website\"},\"datePublished\":\"2026-01-09T20:30:58+00:00\",\"breadcrumb\":{\"@id\":\"https:\\\/\\\/www.orthokalamata.gr\\\/121-kinderorthopaedie\\\/#breadcrumb\"},\"inLanguage\":\"en-US\",\"potentialAction\":[{\"@type\":\"ReadAction\",\"target\":[\"https:\\\/\\\/www.orthokalamata.gr\\\/121-kinderorthopaedie\\\/\"]}]},{\"@type\":\"BreadcrumbList\",\"@id\":\"https:\\\/\\\/www.orthokalamata.gr\\\/121-kinderorthopaedie\\\/#breadcrumb\",\"itemListElement\":[{\"@type\":\"ListItem\",\"position\":1,\"name\":\"Home\",\"item\":\"https:\\\/\\\/www.orthokalamata.gr\\\/\"},{\"@type\":\"ListItem\",\"position\":2,\"name\":\"Kinderorthop\u00e4die\"}]},{\"@type\":\"WebSite\",\"@id\":\"https:\\\/\\\/www.orthokalamata.gr\\\/#website\",\"url\":\"https:\\\/\\\/www.orthokalamata.gr\\\/\",\"name\":\"\u039f\u03c1\u03b8\u03bf\u03c0\u03b1\u03b9\u03b4\u03b9\u03ba\u03cc \u0399\u03b1\u03c4\u03c1\u03b5\u03af\u03bf\",\"description\":\"\u039a\u03c9\u03bd\u03c3\u03c4\u03b1\u03bd\u03c4\u03af\u03bd\u03bf\u03c2 \u03a7\u03c1\u03b9\u03c3\u03c4\u03cc\u03c0\u03bf\u03c5\u03bb\u03bf\u03c2, \u039c\u03b5\u03bb\u03af\u03b1 \u039c\u03b9\u03c7\u03b1\u03b7\u03bb\u03af\u03b4\u03bf\u03c5\",\"publisher\":{\"@id\":\"https:\\\/\\\/www.orthokalamata.gr\\\/#organization\"},\"potentialAction\":[{\"@type\":\"SearchAction\",\"target\":{\"@type\":\"EntryPoint\",\"urlTemplate\":\"https:\\\/\\\/www.orthokalamata.gr\\\/?s={search_term_string}\"},\"query-input\":{\"@type\":\"PropertyValueSpecification\",\"valueRequired\":true,\"valueName\":\"search_term_string\"}}],\"inLanguage\":\"en-US\"},{\"@type\":\"Organization\",\"@id\":\"https:\\\/\\\/www.orthokalamata.gr\\\/#organization\",\"name\":\"\u039f\u03c1\u03b8\u03bf\u03c0\u03b1\u03b9\u03b4\u03b9\u03ba\u03cc \u0399\u03b1\u03c4\u03c1\u03b5\u03af\u03bf\",\"url\":\"https:\\\/\\\/www.orthokalamata.gr\\\/\",\"logo\":{\"@type\":\"ImageObject\",\"inLanguage\":\"en-US\",\"@id\":\"https:\\\/\\\/www.orthokalamata.gr\\\/#\\\/schema\\\/logo\\\/image\\\/\",\"url\":\"https:\\\/\\\/www.orthokalamata.gr\\\/wp-content\\\/uploads\\\/2026\\\/01\\\/icon.jpg\",\"contentUrl\":\"https:\\\/\\\/www.orthokalamata.gr\\\/wp-content\\\/uploads\\\/2026\\\/01\\\/icon.jpg\",\"width\":92,\"height\":92,\"caption\":\"\u039f\u03c1\u03b8\u03bf\u03c0\u03b1\u03b9\u03b4\u03b9\u03ba\u03cc \u0399\u03b1\u03c4\u03c1\u03b5\u03af\u03bf\"},\"image\":{\"@id\":\"https:\\\/\\\/www.orthokalamata.gr\\\/#\\\/schema\\\/logo\\\/image\\\/\"}}]}<\/script>\n<!-- \/ Yoast SEO plugin. -->","yoast_head_json":{"title":"Kinderorthop\u00e4die - \u039f\u03c1\u03b8\u03bf\u03c0\u03b1\u03b9\u03b4\u03b9\u03ba\u03cc \u0399\u03b1\u03c4\u03c1\u03b5\u03af\u03bf","robots":{"index":"index","follow":"follow","max-snippet":"max-snippet:-1","max-image-preview":"max-image-preview:large","max-video-preview":"max-video-preview:-1"},"canonical":"https:\/\/www.orthokalamata.gr\/121-kinderorthopaedie\/","og_locale":"en_US","og_type":"article","og_title":"Kinderorthop\u00e4die - \u039f\u03c1\u03b8\u03bf\u03c0\u03b1\u03b9\u03b4\u03b9\u03ba\u03cc \u0399\u03b1\u03c4\u03c1\u03b5\u03af\u03bf","og_description":"Kinderorthop\u00e4die \u03a0\u03bb\u03b7\u03c1\u03bf\u03c6\u03bf\u03c1\u03b9\u03b1\u03ba\u03ac \u03a3\u03c4\u03bf\u03b9\u03c7\u03b5\u03af\u03b1 \u0394\u03b7\u03bc\u03bf\u03c3\u03b9\u03b5\u03cd\u03b8\u03b7\u03ba\u03b5 : 22 \u0391\u03c0\u03c1\u03af\u03bb\u03b9\u03bf\u03c2 2018 In der Kinderorthop\u00e4die sehen wir die Neugeborenen, die mit nicht ausgereiften H\u00fcften oder Fehlstellungen an den F\u00fc\u00dfen zur Welt gekommen sind.F\u00fcr die Diagnose der ausgereiften H\u00fcften eine Ultraschall Untersuchung ist notwendig. Wenn diese Erkrankungen rechtzeitig behandelt werden, k\u00f6nnen sie in der Regel ohne Operation oder einem kleinen [&hellip;]","og_url":"https:\/\/www.orthokalamata.gr\/121-kinderorthopaedie\/","og_site_name":"\u039f\u03c1\u03b8\u03bf\u03c0\u03b1\u03b9\u03b4\u03b9\u03ba\u03cc \u0399\u03b1\u03c4\u03c1\u03b5\u03af\u03bf","twitter_card":"summary_large_image","schema":{"@context":"https:\/\/schema.org","@graph":[{"@type":"WebPage","@id":"https:\/\/www.orthokalamata.gr\/121-kinderorthopaedie\/","url":"https:\/\/www.orthokalamata.gr\/121-kinderorthopaedie\/","name":"Kinderorthop\u00e4die - \u039f\u03c1\u03b8\u03bf\u03c0\u03b1\u03b9\u03b4\u03b9\u03ba\u03cc \u0399\u03b1\u03c4\u03c1\u03b5\u03af\u03bf","isPartOf":{"@id":"https:\/\/www.orthokalamata.gr\/#website"},"datePublished":"2026-01-09T20:30:58+00:00","breadcrumb":{"@id":"https:\/\/www.orthokalamata.gr\/121-kinderorthopaedie\/#breadcrumb"},"inLanguage":"en-US","potentialAction":[{"@type":"ReadAction","target":["https:\/\/www.orthokalamata.gr\/121-kinderorthopaedie\/"]}]},{"@type":"BreadcrumbList","@id":"https:\/\/www.orthokalamata.gr\/121-kinderorthopaedie\/#breadcrumb","itemListElement":[{"@type":"ListItem","position":1,"name":"Home","item":"https:\/\/www.orthokalamata.gr\/"},{"@type":"ListItem","position":2,"name":"Kinderorthop\u00e4die"}]},{"@type":"WebSite","@id":"https:\/\/www.orthokalamata.gr\/#website","url":"https:\/\/www.orthokalamata.gr\/","name":"\u039f\u03c1\u03b8\u03bf\u03c0\u03b1\u03b9\u03b4\u03b9\u03ba\u03cc \u0399\u03b1\u03c4\u03c1\u03b5\u03af\u03bf","description":"\u039a\u03c9\u03bd\u03c3\u03c4\u03b1\u03bd\u03c4\u03af\u03bd\u03bf\u03c2 \u03a7\u03c1\u03b9\u03c3\u03c4\u03cc\u03c0\u03bf\u03c5\u03bb\u03bf\u03c2, \u039c\u03b5\u03bb\u03af\u03b1 \u039c\u03b9\u03c7\u03b1\u03b7\u03bb\u03af\u03b4\u03bf\u03c5","publisher":{"@id":"https:\/\/www.orthokalamata.gr\/#organization"},"potentialAction":[{"@type":"SearchAction","target":{"@type":"EntryPoint","urlTemplate":"https:\/\/www.orthokalamata.gr\/?s={search_term_string}"},"query-input":{"@type":"PropertyValueSpecification","valueRequired":true,"valueName":"search_term_string"}}],"inLanguage":"en-US"},{"@type":"Organization","@id":"https:\/\/www.orthokalamata.gr\/#organization","name":"\u039f\u03c1\u03b8\u03bf\u03c0\u03b1\u03b9\u03b4\u03b9\u03ba\u03cc \u0399\u03b1\u03c4\u03c1\u03b5\u03af\u03bf","url":"https:\/\/www.orthokalamata.gr\/","logo":{"@type":"ImageObject","inLanguage":"en-US","@id":"https:\/\/www.orthokalamata.gr\/#\/schema\/logo\/image\/","url":"https:\/\/www.orthokalamata.gr\/wp-content\/uploads\/2026\/01\/icon.jpg","contentUrl":"https:\/\/www.orthokalamata.gr\/wp-content\/uploads\/2026\/01\/icon.jpg","width":92,"height":92,"caption":"\u039f\u03c1\u03b8\u03bf\u03c0\u03b1\u03b9\u03b4\u03b9\u03ba\u03cc \u0399\u03b1\u03c4\u03c1\u03b5\u03af\u03bf"},"image":{"@id":"https:\/\/www.orthokalamata.gr\/#\/schema\/logo\/image\/"}}]}},"uagb_featured_image_src":{"full":false,"thumbnail":false,"medium":false,"medium_large":false,"large":false,"full-hd":false,"full-hd-nc":false,"wc-thumbnails":false,"gs-tiny":false,"xl":false,"xxl":false,"xxxl":false,"xxxxl":false,"xxxxxl":false,"1536x1536":false,"2048x2048":false},"uagb_author_info":{"display_name":"Kostas Mountzouris","author_link":"https:\/\/www.orthokalamata.gr\/en\/author\/kostasm19\/"},"uagb_comment_info":0,"uagb_excerpt":"Kinderorthop\u00e4die \u03a0\u03bb\u03b7\u03c1\u03bf\u03c6\u03bf\u03c1\u03b9\u03b1\u03ba\u03ac \u03a3\u03c4\u03bf\u03b9\u03c7\u03b5\u03af\u03b1 \u0394\u03b7\u03bc\u03bf\u03c3\u03b9\u03b5\u03cd\u03b8\u03b7\u03ba\u03b5 : 22 \u0391\u03c0\u03c1\u03af\u03bb\u03b9\u03bf\u03c2 2018 In der Kinderorthop\u00e4die sehen wir die Neugeborenen, die mit nicht ausgereiften H\u00fcften oder Fehlstellungen an den F\u00fc\u00dfen zur Welt gekommen sind.F\u00fcr die Diagnose der ausgereiften H\u00fcften eine Ultraschall Untersuchung ist notwendig. Wenn diese Erkrankungen rechtzeitig behandelt werden, k\u00f6nnen sie in der Regel ohne Operation oder einem kleinen&hellip;","_links":{"self":[{"href":"https:\/\/www.orthokalamata.gr\/en\/wp-json\/wp\/v2\/pages\/26","targetHints":{"allow":["GET"]}}],"collection":[{"href":"https:\/\/www.orthokalamata.gr\/en\/wp-json\/wp\/v2\/pages"}],"about":[{"href":"https:\/\/www.orthokalamata.gr\/en\/wp-json\/wp\/v2\/types\/page"}],"author":[{"embeddable":true,"href":"https:\/\/www.orthokalamata.gr\/en\/wp-json\/wp\/v2\/users\/4"}],"replies":[{"embeddable":true,"href":"https:\/\/www.orthokalamata.gr\/en\/wp-json\/wp\/v2\/comments?post=26"}],"version-history":[{"count":0,"href":"https:\/\/www.orthokalamata.gr\/en\/wp-json\/wp\/v2\/pages\/26\/revisions"}],"wp:attachment":[{"href":"https:\/\/www.orthokalamata.gr\/en\/wp-json\/wp\/v2\/media?parent=26"}],"curies":[{"name":"wp","href":"https:\/\/api.w.org\/{rel}","templated":true}]}}