{"id":28,"date":"2026-01-09T20:31:00","date_gmt":"2026-01-09T20:31:00","guid":{"rendered":"https:\/\/melia.kmdot.com\/123-aufbau-des-kniegelenkes\/"},"modified":"2026-01-09T20:31:00","modified_gmt":"2026-01-09T20:31:00","slug":"123-aufbau-des-kniegelenkes","status":"publish","type":"page","link":"https:\/\/www.orthokalamata.gr\/en\/123-aufbau-des-kniegelenkes\/","title":{"rendered":"Aufbau des Kniegelenkes"},"content":{"rendered":"<div class=\"item-page\">\n<div class=\"page-header\">\n<h2>\n<a href=\"\/index.php?option=com_content&amp;view=article&amp;id=123:aufbau-des-kniegelenkes&amp;catid=35:homepage-ge&amp;Itemid=506\"> Aufbau des Kniegelenkes<\/a><br \/>\n<\/h2>\n<\/div>\n<div class=\"article-info muted\">\n<dl class=\"article-info\">\n<dt class=\"article-info-term\">\u03a0\u03bb\u03b7\u03c1\u03bf\u03c6\u03bf\u03c1\u03b9\u03b1\u03ba\u03ac \u03a3\u03c4\u03bf\u03b9\u03c7\u03b5\u03af\u03b1<\/dt>\n<dd class=\"published\">\n<span class=\"icon-calendar\"><\/span> \u0394\u03b7\u03bc\u03bf\u03c3\u03b9\u03b5\u03cd\u03b8\u03b7\u03ba\u03b5 : 22 \u0391\u03c0\u03c1\u03af\u03bb\u03b9\u03bf\u03c2 2018 \t\t\t\t<\/dd>\n<\/dl>\n<\/div>\n<p class=\"m_-4713186352523041403gmail-Textbody\" style=\"margin-top: 0cm; margin-right: 0cm; margin-bottom: 0.0001pt; font-size: 12pt; font-family: 'Times New Roman', serif;\">\u00a0<\/p>\n<p class=\"m_-4713186352523041403gmail-Textbody\" style=\"margin-top: 0cm; margin-right: 0cm; margin-bottom: 0.0001pt; font-size: 12pt; font-family: 'Times New Roman', serif;\"><span lang=\"DE\" style=\"font-size: 14pt; font-family: Arial, sans-serif; color: #252525;\">Der Ersatz des Kniegelenkes<\/span><\/p>\n<p class=\"m_-4713186352523041403gmail-Textbody\" style=\"margin-top: 0cm; margin-right: 0cm; margin-bottom: 0.0001pt; font-size: 12pt; font-family: 'Times New Roman', serif;\"><span lang=\"DE\" style=\"font-size: 14pt; font-family: Arial, sans-serif; color: black;\">Ein durch Arthrose zerst\u00f6rtes Kniegelenk wird komplett ersetzt. Die urspr\u00fcnglich mit Knorpel \u00fcberzogenen Oberfl\u00e4chen werden durch eine Femur- Komponente am Oberschenkelknochen und eine Tibia-Komponente am Schienbein ersetzt. Je nach Knochenqualit\u00e4t, K\u00f6rpergewicht und k\u00f6rperlicher Aktivit\u00e4t des Patienten werden die Metall-Komponenten mit Knochenzement oder zementfrei im Knochen verankert. Zwischen die Femur- und Tibia-Komponente wird eine Gleitfl\u00e4che aus Polyethylen eingesetzt. Um die Widerstandsf\u00e4higkeit der Komponenten zu erh\u00f6hen, werden spezielle Legierungen verwendet, die bei einigen Systemen mit einer keramischen Oberfl\u00e4che versehen sind. <\/span><\/p>\n<p class=\"m_-4713186352523041403gmail-Textbody\" style=\"margin-top: 0cm; margin-right: 0cm; margin-bottom: 0.0001pt; font-size: 12pt; font-family: 'Times New Roman', serif;\"><span lang=\"DE\" style=\"font-size: 14pt; font-family: Arial, sans-serif; color: #252525;\">Nachbehandlung<\/span><\/p>\n<p class=\"m_-4713186352523041403gmail-Textbody\" style=\"margin-top: 0cm; margin-right: 0cm; margin-bottom: 0.0001pt; font-size: 12pt; font-family: 'Times New Roman', serif;\">\u00a0<\/p>\n<p class=\"m_-4713186352523041403gmail-Textbody\" style=\"margin-top: 0cm; margin-right: 0cm; margin-bottom: 0.0001pt; font-size: 12pt; font-family: 'Times New Roman', serif;\"><span lang=\"DE\" style=\"font-size: 14pt; font-family: Arial, sans-serif; color: black;\">Die Bewegungs\u00fcbungen beginnen bereits am ersten Tag nach der Operation. Bei Implantation einer zementierten Prothese ist eine sofortige Vollbelastung erlaubt.<\/span><span lang=\"DE\" style=\"font-size: 14pt; font-family: Arial, sans-serif; color: black;\">\u00a0Innerhalb weniger Monate wird die Beweglichkeit wiedererlangt. Erlaubt sind alle gelenkschonenden Sportarten wie beispielsweise Schwimmen, Radfahren, Ski-Langlauf, Golf und Gymnastik. \u00dcbergewicht ist geeignet, die Lebensdauer der Prothese zu beeintr\u00e4chtigen. Intensive Krankengymnastik f\u00f6rdert die Beweglichkeit und den Muskelaufbau. Die zwischen Arzt und Physiotherapeut abgestimmten Rehabilitationsma\u00dfnahmen haben gro\u00dfe Bedeutung f\u00fcr den Erfolg der Operation und die rasche Genesung. Die aktive Mitarbeit des Patienten hilft das Ziel schnell zu erreichen.<\/span><\/p>\n<p class=\"m_-4713186352523041403gmail-Textbody\" style=\"margin-top: 0cm; margin-right: 0cm; margin-bottom: 0.0001pt; font-size: 12pt; font-family: 'Times New Roman', serif;\">\u00a0<\/p>\n<p class=\"m_-4713186352523041403gmail-Textbody\" style=\"margin-top: 0cm; margin-right: 0cm; margin-bottom: 0.0001pt; font-size: 12pt; font-family: 'Times New Roman', serif;\"><span lang=\"DE\" style=\"font-size: 14pt; font-family: Arial, sans-serif; color: black;\">Die konservative Therapie der Arthrose gliedert sich prinzipiell in die Therapie mit Medikamenten sowie die intraarticul\u00e4re Injektionstherapie (Spritzen in das Kniegelenk).<\/span><\/p>\n<p class=\"m_-4713186352523041403gmail-Textbody\" style=\"margin-top: 0cm; margin-right: 0cm; margin-bottom: 0.0001pt; font-size: 12pt; font-family: 'Times New Roman', serif;\">\u00a0<\/p>\n<p class=\"m_-4713186352523041403gmail-Textbody\" style=\"margin-top: 0cm; margin-right: 0cm; margin-bottom: 0.0001pt; font-size: 12pt; font-family: 'Times New Roman', serif;\"><span lang=\"DE\" style=\"font-size: 14pt; font-family: Arial, sans-serif; color: black;\">Patienten erhoffen sich in erster Linie eine schmerzfreie Gelenkfunktion; der Arzt ist zus\u00e4tzlich auch an einem m\u00f6glichst langfristigen Erhalt dieser Gelenkfunktion interessiert. Bei der Arthrose kommt es zu einem degenerativen Verschlei\u00df des glatten Gelenkknorpels. Dies bedeutet, dass bei der fortgeschrittenen Arthrose der gelenknahe Knochen \u00fcberhaupt nicht mehr von Knorpel bedeckt sein kann.<\/span><\/p>\n<p><span lang=\"DE\" style=\"font-size: 14pt; font-family: Arial, sans-serif; color: black;\">Die Therapie der Arthrose ist auf die zwei S\u00e4ulen\u00a0 &#8220;medikament\u00f6se Behandlung&#8221; sowie &#8220;operative Behandlung&#8221; gest\u00fctzt. Die Therapie sollte sich immer langfristig orientieren, kann mehrere Behandlungskonzepte gleichzeitig beinhalten (Multimodalit\u00e4t), ist individuell auf den Patienten zugeschnitten und an seinem aktuellen Krankheitszustand orientiert.<\/span><\/p>\n<div class=\"joomla_add_this\"><!-- AddThis Button BEGIN --><\/p>\n<div addthis:title=\"Aufbau des Kniegelenkes\" addthis:url=\"https:\/\/www.orthokalamata.gr\/index.php?option=com_content&amp;view=article&amp;id=123&amp;catid=35&amp;Itemid=506\" class=\"addthis_toolbox addthis_default_style\">\n<a class=\"addthis_button_facebook_like\" fb:like:layout=\"button_count\"><\/a><br \/>\n<a class=\"addthis_button_tweet\"><\/a><br \/>\n<a class=\"addthis_button_pinterest_pinit\"><\/a><br \/>\n<a class=\"addthis_counter addthis_pill_style\"><\/a>\n<\/div>\n<p><!-- AddThis Button END -->\n<\/div>\n<ul class=\"pager pagenav\">\n<li class=\"previous\">\n<a href=\"\/index.php?option=com_content&amp;view=article&amp;id=124:arthroskopische-chirurgie&amp;catid=35:homepage-ge&amp;Itemid=506\" rel=\"prev\">&lt; \u03a0\u03c1\u03bf\u03b7\u03b3\u03bf\u03cd\u03bc\u03b5\u03bd\u03bf<\/a>\n<\/li>\n<li class=\"next\">\n<a href=\"\/index.php?option=com_content&amp;view=article&amp;id=122:huefte&amp;catid=35:homepage-ge&amp;Itemid=506\" rel=\"next\">\u0395\u03c0\u03cc\u03bc\u03b5\u03bd\u03bf &gt;<\/a>\n<\/li>\n<\/ul>\n<\/div>\n","protected":false},"excerpt":{"rendered":"<p>Aufbau des Kniegelenkes \u03a0\u03bb\u03b7\u03c1\u03bf\u03c6\u03bf\u03c1\u03b9\u03b1\u03ba\u03ac \u03a3\u03c4\u03bf\u03b9\u03c7\u03b5\u03af\u03b1 \u0394\u03b7\u03bc\u03bf\u03c3\u03b9\u03b5\u03cd\u03b8\u03b7\u03ba\u03b5 : 22 \u0391\u03c0\u03c1\u03af\u03bb\u03b9\u03bf\u03c2 2018 \u00a0 Der Ersatz des Kniegelenkes Ein durch Arthrose zerst\u00f6rtes Kniegelenk wird komplett ersetzt. Die urspr\u00fcnglich mit Knorpel \u00fcberzogenen Oberfl\u00e4chen werden durch eine Femur- Komponente am Oberschenkelknochen und eine Tibia-Komponente am Schienbein ersetzt. Je nach Knochenqualit\u00e4t, K\u00f6rpergewicht und k\u00f6rperlicher Aktivit\u00e4t des Patienten werden die Metall-Komponenten mit [&hellip;]<\/p>\n","protected":false},"author":4,"featured_media":0,"parent":0,"menu_order":0,"comment_status":"closed","ping_status":"closed","template":"","meta":{"_acf_changed":false,"_uag_custom_page_level_css":"","footnotes":""},"class_list":["post-28","page","type-page","status-publish","hentry"],"acf":[],"yoast_head":"<!-- This site is optimized with the Yoast SEO plugin v27.3 - https:\/\/yoast.com\/product\/yoast-seo-wordpress\/ -->\n<title>Aufbau des Kniegelenkes - \u039f\u03c1\u03b8\u03bf\u03c0\u03b1\u03b9\u03b4\u03b9\u03ba\u03cc \u0399\u03b1\u03c4\u03c1\u03b5\u03af\u03bf<\/title>\n<meta name=\"robots\" content=\"index, follow, max-snippet:-1, max-image-preview:large, max-video-preview:-1\" \/>\n<link rel=\"canonical\" href=\"https:\/\/www.orthokalamata.gr\/123-aufbau-des-kniegelenkes\/\" \/>\n<meta property=\"og:locale\" content=\"en_US\" \/>\n<meta property=\"og:type\" content=\"article\" \/>\n<meta property=\"og:title\" content=\"Aufbau des Kniegelenkes - \u039f\u03c1\u03b8\u03bf\u03c0\u03b1\u03b9\u03b4\u03b9\u03ba\u03cc \u0399\u03b1\u03c4\u03c1\u03b5\u03af\u03bf\" \/>\n<meta property=\"og:description\" content=\"Aufbau des Kniegelenkes \u03a0\u03bb\u03b7\u03c1\u03bf\u03c6\u03bf\u03c1\u03b9\u03b1\u03ba\u03ac \u03a3\u03c4\u03bf\u03b9\u03c7\u03b5\u03af\u03b1 \u0394\u03b7\u03bc\u03bf\u03c3\u03b9\u03b5\u03cd\u03b8\u03b7\u03ba\u03b5 : 22 \u0391\u03c0\u03c1\u03af\u03bb\u03b9\u03bf\u03c2 2018 \u00a0 Der Ersatz des Kniegelenkes Ein durch Arthrose zerst\u00f6rtes Kniegelenk wird komplett ersetzt. Die urspr\u00fcnglich mit Knorpel \u00fcberzogenen Oberfl\u00e4chen werden durch eine Femur- Komponente am Oberschenkelknochen und eine Tibia-Komponente am Schienbein ersetzt. Je nach Knochenqualit\u00e4t, K\u00f6rpergewicht und k\u00f6rperlicher Aktivit\u00e4t des Patienten werden die Metall-Komponenten mit [&hellip;]\" \/>\n<meta property=\"og:url\" content=\"https:\/\/www.orthokalamata.gr\/123-aufbau-des-kniegelenkes\/\" \/>\n<meta property=\"og:site_name\" content=\"\u039f\u03c1\u03b8\u03bf\u03c0\u03b1\u03b9\u03b4\u03b9\u03ba\u03cc \u0399\u03b1\u03c4\u03c1\u03b5\u03af\u03bf\" \/>\n<meta name=\"twitter:card\" content=\"summary_large_image\" \/>\n<meta name=\"twitter:label1\" content=\"Est. reading time\" \/>\n\t<meta name=\"twitter:data1\" content=\"2 minutes\" \/>\n<script type=\"application\/ld+json\" class=\"yoast-schema-graph\">{\"@context\":\"https:\\\/\\\/schema.org\",\"@graph\":[{\"@type\":\"WebPage\",\"@id\":\"https:\\\/\\\/www.orthokalamata.gr\\\/123-aufbau-des-kniegelenkes\\\/\",\"url\":\"https:\\\/\\\/www.orthokalamata.gr\\\/123-aufbau-des-kniegelenkes\\\/\",\"name\":\"Aufbau des Kniegelenkes - \u039f\u03c1\u03b8\u03bf\u03c0\u03b1\u03b9\u03b4\u03b9\u03ba\u03cc \u0399\u03b1\u03c4\u03c1\u03b5\u03af\u03bf\",\"isPartOf\":{\"@id\":\"https:\\\/\\\/www.orthokalamata.gr\\\/#website\"},\"datePublished\":\"2026-01-09T20:31:00+00:00\",\"breadcrumb\":{\"@id\":\"https:\\\/\\\/www.orthokalamata.gr\\\/123-aufbau-des-kniegelenkes\\\/#breadcrumb\"},\"inLanguage\":\"en-US\",\"potentialAction\":[{\"@type\":\"ReadAction\",\"target\":[\"https:\\\/\\\/www.orthokalamata.gr\\\/123-aufbau-des-kniegelenkes\\\/\"]}]},{\"@type\":\"BreadcrumbList\",\"@id\":\"https:\\\/\\\/www.orthokalamata.gr\\\/123-aufbau-des-kniegelenkes\\\/#breadcrumb\",\"itemListElement\":[{\"@type\":\"ListItem\",\"position\":1,\"name\":\"Home\",\"item\":\"https:\\\/\\\/www.orthokalamata.gr\\\/\"},{\"@type\":\"ListItem\",\"position\":2,\"name\":\"Aufbau des Kniegelenkes\"}]},{\"@type\":\"WebSite\",\"@id\":\"https:\\\/\\\/www.orthokalamata.gr\\\/#website\",\"url\":\"https:\\\/\\\/www.orthokalamata.gr\\\/\",\"name\":\"\u039f\u03c1\u03b8\u03bf\u03c0\u03b1\u03b9\u03b4\u03b9\u03ba\u03cc \u0399\u03b1\u03c4\u03c1\u03b5\u03af\u03bf\",\"description\":\"\u039a\u03c9\u03bd\u03c3\u03c4\u03b1\u03bd\u03c4\u03af\u03bd\u03bf\u03c2 \u03a7\u03c1\u03b9\u03c3\u03c4\u03cc\u03c0\u03bf\u03c5\u03bb\u03bf\u03c2, \u039c\u03b5\u03bb\u03af\u03b1 \u039c\u03b9\u03c7\u03b1\u03b7\u03bb\u03af\u03b4\u03bf\u03c5\",\"publisher\":{\"@id\":\"https:\\\/\\\/www.orthokalamata.gr\\\/#organization\"},\"potentialAction\":[{\"@type\":\"SearchAction\",\"target\":{\"@type\":\"EntryPoint\",\"urlTemplate\":\"https:\\\/\\\/www.orthokalamata.gr\\\/?s={search_term_string}\"},\"query-input\":{\"@type\":\"PropertyValueSpecification\",\"valueRequired\":true,\"valueName\":\"search_term_string\"}}],\"inLanguage\":\"en-US\"},{\"@type\":\"Organization\",\"@id\":\"https:\\\/\\\/www.orthokalamata.gr\\\/#organization\",\"name\":\"\u039f\u03c1\u03b8\u03bf\u03c0\u03b1\u03b9\u03b4\u03b9\u03ba\u03cc \u0399\u03b1\u03c4\u03c1\u03b5\u03af\u03bf\",\"url\":\"https:\\\/\\\/www.orthokalamata.gr\\\/\",\"logo\":{\"@type\":\"ImageObject\",\"inLanguage\":\"en-US\",\"@id\":\"https:\\\/\\\/www.orthokalamata.gr\\\/#\\\/schema\\\/logo\\\/image\\\/\",\"url\":\"https:\\\/\\\/www.orthokalamata.gr\\\/wp-content\\\/uploads\\\/2026\\\/01\\\/icon.jpg\",\"contentUrl\":\"https:\\\/\\\/www.orthokalamata.gr\\\/wp-content\\\/uploads\\\/2026\\\/01\\\/icon.jpg\",\"width\":92,\"height\":92,\"caption\":\"\u039f\u03c1\u03b8\u03bf\u03c0\u03b1\u03b9\u03b4\u03b9\u03ba\u03cc \u0399\u03b1\u03c4\u03c1\u03b5\u03af\u03bf\"},\"image\":{\"@id\":\"https:\\\/\\\/www.orthokalamata.gr\\\/#\\\/schema\\\/logo\\\/image\\\/\"}}]}<\/script>\n<!-- \/ Yoast SEO plugin. -->","yoast_head_json":{"title":"Aufbau des Kniegelenkes - \u039f\u03c1\u03b8\u03bf\u03c0\u03b1\u03b9\u03b4\u03b9\u03ba\u03cc \u0399\u03b1\u03c4\u03c1\u03b5\u03af\u03bf","robots":{"index":"index","follow":"follow","max-snippet":"max-snippet:-1","max-image-preview":"max-image-preview:large","max-video-preview":"max-video-preview:-1"},"canonical":"https:\/\/www.orthokalamata.gr\/123-aufbau-des-kniegelenkes\/","og_locale":"en_US","og_type":"article","og_title":"Aufbau des Kniegelenkes - \u039f\u03c1\u03b8\u03bf\u03c0\u03b1\u03b9\u03b4\u03b9\u03ba\u03cc \u0399\u03b1\u03c4\u03c1\u03b5\u03af\u03bf","og_description":"Aufbau des Kniegelenkes \u03a0\u03bb\u03b7\u03c1\u03bf\u03c6\u03bf\u03c1\u03b9\u03b1\u03ba\u03ac \u03a3\u03c4\u03bf\u03b9\u03c7\u03b5\u03af\u03b1 \u0394\u03b7\u03bc\u03bf\u03c3\u03b9\u03b5\u03cd\u03b8\u03b7\u03ba\u03b5 : 22 \u0391\u03c0\u03c1\u03af\u03bb\u03b9\u03bf\u03c2 2018 \u00a0 Der Ersatz des Kniegelenkes Ein durch Arthrose zerst\u00f6rtes Kniegelenk wird komplett ersetzt. Die urspr\u00fcnglich mit Knorpel \u00fcberzogenen Oberfl\u00e4chen werden durch eine Femur- Komponente am Oberschenkelknochen und eine Tibia-Komponente am Schienbein ersetzt. Je nach Knochenqualit\u00e4t, K\u00f6rpergewicht und k\u00f6rperlicher Aktivit\u00e4t des Patienten werden die Metall-Komponenten mit [&hellip;]","og_url":"https:\/\/www.orthokalamata.gr\/123-aufbau-des-kniegelenkes\/","og_site_name":"\u039f\u03c1\u03b8\u03bf\u03c0\u03b1\u03b9\u03b4\u03b9\u03ba\u03cc \u0399\u03b1\u03c4\u03c1\u03b5\u03af\u03bf","twitter_card":"summary_large_image","twitter_misc":{"Est. reading time":"2 minutes"},"schema":{"@context":"https:\/\/schema.org","@graph":[{"@type":"WebPage","@id":"https:\/\/www.orthokalamata.gr\/123-aufbau-des-kniegelenkes\/","url":"https:\/\/www.orthokalamata.gr\/123-aufbau-des-kniegelenkes\/","name":"Aufbau des Kniegelenkes - \u039f\u03c1\u03b8\u03bf\u03c0\u03b1\u03b9\u03b4\u03b9\u03ba\u03cc \u0399\u03b1\u03c4\u03c1\u03b5\u03af\u03bf","isPartOf":{"@id":"https:\/\/www.orthokalamata.gr\/#website"},"datePublished":"2026-01-09T20:31:00+00:00","breadcrumb":{"@id":"https:\/\/www.orthokalamata.gr\/123-aufbau-des-kniegelenkes\/#breadcrumb"},"inLanguage":"en-US","potentialAction":[{"@type":"ReadAction","target":["https:\/\/www.orthokalamata.gr\/123-aufbau-des-kniegelenkes\/"]}]},{"@type":"BreadcrumbList","@id":"https:\/\/www.orthokalamata.gr\/123-aufbau-des-kniegelenkes\/#breadcrumb","itemListElement":[{"@type":"ListItem","position":1,"name":"Home","item":"https:\/\/www.orthokalamata.gr\/"},{"@type":"ListItem","position":2,"name":"Aufbau des Kniegelenkes"}]},{"@type":"WebSite","@id":"https:\/\/www.orthokalamata.gr\/#website","url":"https:\/\/www.orthokalamata.gr\/","name":"\u039f\u03c1\u03b8\u03bf\u03c0\u03b1\u03b9\u03b4\u03b9\u03ba\u03cc \u0399\u03b1\u03c4\u03c1\u03b5\u03af\u03bf","description":"\u039a\u03c9\u03bd\u03c3\u03c4\u03b1\u03bd\u03c4\u03af\u03bd\u03bf\u03c2 \u03a7\u03c1\u03b9\u03c3\u03c4\u03cc\u03c0\u03bf\u03c5\u03bb\u03bf\u03c2, \u039c\u03b5\u03bb\u03af\u03b1 \u039c\u03b9\u03c7\u03b1\u03b7\u03bb\u03af\u03b4\u03bf\u03c5","publisher":{"@id":"https:\/\/www.orthokalamata.gr\/#organization"},"potentialAction":[{"@type":"SearchAction","target":{"@type":"EntryPoint","urlTemplate":"https:\/\/www.orthokalamata.gr\/?s={search_term_string}"},"query-input":{"@type":"PropertyValueSpecification","valueRequired":true,"valueName":"search_term_string"}}],"inLanguage":"en-US"},{"@type":"Organization","@id":"https:\/\/www.orthokalamata.gr\/#organization","name":"\u039f\u03c1\u03b8\u03bf\u03c0\u03b1\u03b9\u03b4\u03b9\u03ba\u03cc \u0399\u03b1\u03c4\u03c1\u03b5\u03af\u03bf","url":"https:\/\/www.orthokalamata.gr\/","logo":{"@type":"ImageObject","inLanguage":"en-US","@id":"https:\/\/www.orthokalamata.gr\/#\/schema\/logo\/image\/","url":"https:\/\/www.orthokalamata.gr\/wp-content\/uploads\/2026\/01\/icon.jpg","contentUrl":"https:\/\/www.orthokalamata.gr\/wp-content\/uploads\/2026\/01\/icon.jpg","width":92,"height":92,"caption":"\u039f\u03c1\u03b8\u03bf\u03c0\u03b1\u03b9\u03b4\u03b9\u03ba\u03cc \u0399\u03b1\u03c4\u03c1\u03b5\u03af\u03bf"},"image":{"@id":"https:\/\/www.orthokalamata.gr\/#\/schema\/logo\/image\/"}}]}},"uagb_featured_image_src":{"full":false,"thumbnail":false,"medium":false,"medium_large":false,"large":false,"full-hd":false,"full-hd-nc":false,"wc-thumbnails":false,"gs-tiny":false,"xl":false,"xxl":false,"xxxl":false,"xxxxl":false,"xxxxxl":false,"1536x1536":false,"2048x2048":false},"uagb_author_info":{"display_name":"Kostas Mountzouris","author_link":"https:\/\/www.orthokalamata.gr\/en\/author\/kostasm19\/"},"uagb_comment_info":0,"uagb_excerpt":"Aufbau des Kniegelenkes \u03a0\u03bb\u03b7\u03c1\u03bf\u03c6\u03bf\u03c1\u03b9\u03b1\u03ba\u03ac \u03a3\u03c4\u03bf\u03b9\u03c7\u03b5\u03af\u03b1 \u0394\u03b7\u03bc\u03bf\u03c3\u03b9\u03b5\u03cd\u03b8\u03b7\u03ba\u03b5 : 22 \u0391\u03c0\u03c1\u03af\u03bb\u03b9\u03bf\u03c2 2018 \u00a0 Der Ersatz des Kniegelenkes Ein durch Arthrose zerst\u00f6rtes Kniegelenk wird komplett ersetzt. Die urspr\u00fcnglich mit Knorpel \u00fcberzogenen Oberfl\u00e4chen werden durch eine Femur- Komponente am Oberschenkelknochen und eine Tibia-Komponente am Schienbein ersetzt. Je nach Knochenqualit\u00e4t, K\u00f6rpergewicht und k\u00f6rperlicher Aktivit\u00e4t des Patienten werden die Metall-Komponenten mit&hellip;","_links":{"self":[{"href":"https:\/\/www.orthokalamata.gr\/en\/wp-json\/wp\/v2\/pages\/28","targetHints":{"allow":["GET"]}}],"collection":[{"href":"https:\/\/www.orthokalamata.gr\/en\/wp-json\/wp\/v2\/pages"}],"about":[{"href":"https:\/\/www.orthokalamata.gr\/en\/wp-json\/wp\/v2\/types\/page"}],"author":[{"embeddable":true,"href":"https:\/\/www.orthokalamata.gr\/en\/wp-json\/wp\/v2\/users\/4"}],"replies":[{"embeddable":true,"href":"https:\/\/www.orthokalamata.gr\/en\/wp-json\/wp\/v2\/comments?post=28"}],"version-history":[{"count":0,"href":"https:\/\/www.orthokalamata.gr\/en\/wp-json\/wp\/v2\/pages\/28\/revisions"}],"wp:attachment":[{"href":"https:\/\/www.orthokalamata.gr\/en\/wp-json\/wp\/v2\/media?parent=28"}],"curies":[{"name":"wp","href":"https:\/\/api.w.org\/{rel}","templated":true}]}}